{"id":43991,"date":"2025-06-27T16:21:17","date_gmt":"2025-06-27T16:21:17","guid":{"rendered":"https:\/\/topwebsites.com.br\/dompedro\/?page_id=43991"},"modified":"2025-06-27T20:31:58","modified_gmt":"2025-06-27T20:31:58","slug":"automoveis","status":"publish","type":"page","link":"https:\/\/dompedroseguros.com.br\/index.php\/automoveis\/","title":{"rendered":"AUTOM\u00d3VEIS"},"content":{"rendered":"\t\t<div data-elementor-type=\"wp-page\" data-elementor-id=\"43991\" class=\"elementor elementor-43991\">\n\t\t\t\t\t\t<section class=\"elementor-section elementor-top-section elementor-element elementor-element-3a6a7c2f elementor-section-full_width elementor-section-content-middle elementor-section-height-default elementor-section-height-default\" data-id=\"3a6a7c2f\" data-element_type=\"section\">\n\t\t\t\t\t\t<div class=\"elementor-container elementor-column-gap-wide\">\n\t\t\t\t\t<div class=\"elementor-column elementor-col-50 elementor-top-column elementor-element elementor-element-ac6127c animated-slow elementor-invisible\" data-id=\"ac6127c\" data-element_type=\"column\" data-settings=\"{&quot;animation&quot;:&quot;fadeInUp&quot;,&quot;animation_delay&quot;:500,&quot;background_background&quot;:&quot;classic&quot;}\">\n\t\t\t<div class=\"elementor-widget-wrap elementor-element-populated\">\n\t\t\t\t\t\t<section class=\"elementor-section elementor-inner-section elementor-element elementor-element-7d70a861 elementor-section-boxed elementor-section-height-default elementor-section-height-default\" data-id=\"7d70a861\" data-element_type=\"section\">\n\t\t\t\t\t\t<div class=\"elementor-container elementor-column-gap-default\">\n\t\t\t\t\t<div class=\"elementor-column elementor-col-33 elementor-inner-column elementor-element elementor-element-81600f6 elementor-hidden-tablet\" data-id=\"81600f6\" data-element_type=\"column\">\n\t\t\t<div class=\"elementor-widget-wrap\">\n\t\t\t\t\t\t\t<\/div>\n\t\t<\/div>\n\t\t\t\t<div class=\"elementor-column elementor-col-33 elementor-inner-column elementor-element elementor-element-53bf5e73 box-shadow\" data-id=\"53bf5e73\" data-element_type=\"column\" data-settings=\"{&quot;background_background&quot;:&quot;classic&quot;}\">\n\t\t\t<div class=\"elementor-widget-wrap elementor-element-populated\">\n\t\t\t\t\t\t<div class=\"elementor-element elementor-element-2b55eee7 elementor-widget elementor-widget-heading\" data-id=\"2b55eee7\" data-element_type=\"widget\" data-widget_type=\"heading.default\">\n\t\t\t\t<div class=\"elementor-widget-container\">\n\t\t\t\t\t<h3 class=\"elementor-heading-title elementor-size-default\">SEGURO<\/h3>\t\t\t\t<\/div>\n\t\t\t\t<\/div>\n\t\t\t\t<div class=\"elementor-element elementor-element-1a252173 elementor-widget elementor-widget-heading\" data-id=\"1a252173\" data-element_type=\"widget\" data-widget_type=\"heading.default\">\n\t\t\t\t<div class=\"elementor-widget-container\">\n\t\t\t\t\t<div class=\"elementor-heading-title elementor-size-default\">AUTOM\u00d3VEL<\/div>\t\t\t\t<\/div>\n\t\t\t\t<\/div>\n\t\t\t\t\t<\/div>\n\t\t<\/div>\n\t\t\t\t<div class=\"elementor-column elementor-col-33 elementor-inner-column elementor-element elementor-element-52caa94a elementor-hidden-tablet\" data-id=\"52caa94a\" data-element_type=\"column\" data-settings=\"{&quot;background_background&quot;:&quot;classic&quot;}\">\n\t\t\t<div class=\"elementor-widget-wrap\">\n\t\t\t\t\t\t\t<\/div>\n\t\t<\/div>\n\t\t\t\t\t<\/div>\n\t\t<\/section>\n\t\t\t\t\t<\/div>\n\t\t<\/div>\n\t\t\t\t<div class=\"elementor-column elementor-col-50 elementor-top-column elementor-element elementor-element-17ba1ce3\" data-id=\"17ba1ce3\" data-element_type=\"column\">\n\t\t\t<div class=\"elementor-widget-wrap elementor-element-populated\">\n\t\t\t\t\t\t<div class=\"elementor-element elementor-element-9b9b080 elementor-widget elementor-widget-rs-heading\" data-id=\"9b9b080\" data-element_type=\"widget\" data-widget_type=\"rs-heading.default\">\n\t\t\t\t<div class=\"elementor-widget-container\">\n\t\t\t\t\t        <div class=\"rs-heading default  \">\r\n        \t<div class=\"title-inner\">\r\n        \t\t      \t\t\r\n\t            <span class=\"sub-text \">SEGURO<\/span><h2 class=\"title\"><span class=\"watermark\"><\/span>AUTOM\u00d3VEIS<\/h2>\t        <\/div>\r\n\t                    \t<div class=\"description\">\r\n            \t\t<p>Oferecemos produtos desenvolvidos para atender as necessidades espec\u00edficas, com coberturas e servi\u00e7os diferenciados para cada tipo de p\u00fablico.<br \/><br \/>\u25cf Autom\u00f3veis Nacionais e Importados<br \/>\u25cf Autom\u00f3veis Especiais e Blindados<br \/>\u25cf Frotas Familiares<br \/>\u25cf Frotas Empresariais<br \/>\u25cf Caminh\u00f5es<br \/>\u25cf Reboques<br \/><br \/>O Segurado conta ainda com Assist\u00eancia 24 horas, Carro Reserva, Servi\u00e7os de Despachantes, Reparo no Local, Reboque, al\u00e9m de descontos em oficinas credenciadas. <br \/>A formata\u00e7\u00e3o do custo \u00e9 definida de acordo com as informa\u00e7\u00f5es fornecidas no Question\u00e1rio de Avalia\u00e7\u00e3o do Risco.<\/p>            \t\t\r\n            \t<\/div>\r\n        \t        <\/div>\r\n\r\n        \t\t\t\t<\/div>\n\t\t\t\t<\/div>\n\t\t\t\t<div class=\"elementor-element elementor-element-5a2ac25 elementor-widget elementor-widget-heading\" data-id=\"5a2ac25\" data-element_type=\"widget\" data-widget_type=\"heading.default\">\n\t\t\t\t<div class=\"elementor-widget-container\">\n\t\t\t\t\t<h2 class=\"elementor-heading-title elementor-size-default\">Principais Coberturas<\/h2>\t\t\t\t<\/div>\n\t\t\t\t<\/div>\n\t\t\t\t<div class=\"elementor-element elementor-element-6c321c22 elementor-widget elementor-widget-rsfeatureslist\" data-id=\"6c321c22\" data-element_type=\"widget\" data-widget_type=\"rsfeatureslist.default\">\n\t\t\t\t<div class=\"elementor-widget-container\">\n\t\t\t\t\t \n\n        <div class=\"rs-features-list-content\">        \n\n                                    <ul class=\"rs-features-list\">\n                                                    <li class=\"elementor-repeater-item-7006b61\">\n                                                                    <i class=\"fa fa-check-circle-o\"><\/i>\n                                                                <span class=\"rs-feature-text\">Colis\u00e3o<\/span>\n                            <\/li>\n                                                    <li class=\"elementor-repeater-item-6a52651\">\n                                                                    <i class=\"fa fa-check-circle-o\"><\/i>\n                                                                <span class=\"rs-feature-text\">Inc\u00eandio<\/span>\n                            <\/li>\n                                                    <li class=\"elementor-repeater-item-d5b5c53\">\n                                                                    <i class=\"fa fa-check-circle-o\"><\/i>\n                                                                <span class=\"rs-feature-text\">Roubo \/ Furto<\/span>\n                            <\/li>\n                                                    <li class=\"elementor-repeater-item-aa10752\">\n                                                                    <i class=\"fa fa-check-circle-o\"><\/i>\n                                                                <span class=\"rs-feature-text\">DM - Danos Materiais extensiva a Terceiros<\/span>\n                            <\/li>\n                                                    <li class=\"elementor-repeater-item-c970d43\">\n                                                                    <i class=\"fa fa-check-circle-o\"><\/i>\n                                                                <span class=\"rs-feature-text\">DP - Danos Corporais extensiva a Terceiros<\/span>\n                            <\/li>\n                                                    <li class=\"elementor-repeater-item-e18f50d\">\n                                                                    <i class=\"fa fa-check-circle-o\"><\/i>\n                                                                <span class=\"rs-feature-text\">APP - Acidentes Pessoais aos Passageiros<\/span>\n                            <\/li>\n                                                    <li class=\"elementor-repeater-item-dc3e2bb\">\n                                                                    <i class=\"fa fa-check-circle-o\"><\/i>\n                                                                <span class=\"rs-feature-text\">Assist\u00eancia 24 Hs (Brasil) Guincho + Mec\u00e2nico<\/span>\n                            <\/li>\n                                                    <li class=\"elementor-repeater-item-13bdbe0\">\n                                                                    <i class=\"fa fa-check-circle-o\"><\/i>\n                                                                <span class=\"rs-feature-text\">Cobertura aos vidros<\/span>\n                            <\/li>\n                                                    <li class=\"elementor-repeater-item-d611c41\">\n                                                                    <i class=\"fa fa-check-circle-o\"><\/i>\n                                                                <span class=\"rs-feature-text\">Carro reserva<\/span>\n                            <\/li>\n                                                    <li class=\"elementor-repeater-item-0e853b6\">\n                                                                    <i class=\"fa fa-check-circle-o\"><\/i>\n                                                                <span class=\"rs-feature-text\">Despesas Extraordin\u00e1rias<\/span>\n                            <\/li>\n                                                    <li class=\"elementor-repeater-item-d46e4d0\">\n                                                                    <i class=\"fa fa-check-circle-o\"><\/i>\n                                                                <span class=\"rs-feature-text\">Blindagem<\/span>\n                            <\/li>\n                                                    <li class=\"elementor-repeater-item-dd2869d\">\n                                                                    <i class=\"fa fa-check-circle-o\"><\/i>\n                                                                <span class=\"rs-feature-text\">Roubo de Acess\u00f3rios e equipamentos especiais<\/span>\n                            <\/li>\n                                                    <li class=\"elementor-repeater-item-e9ce60a\">\n                                                                    <i class=\"fa fa-check-circle-o\"><\/i>\n                                                                <span class=\"rs-feature-text\">Assist\u00eancia Residencial <\/span>\n                            <\/li>\n                                            <\/ul>\n                            \n        <\/div>\n        \t\t\t\t<\/div>\n\t\t\t\t<\/div>\n\t\t\t\t<div class=\"elementor-element elementor-element-4c006c99 elementor-widget elementor-widget-rs-button\" data-id=\"4c006c99\" data-element_type=\"widget\" data-widget_type=\"rs-button.default\">\n\t\t\t\t<div class=\"elementor-widget-container\">\n\t\t\t\t\t\t\r\n\t\t\r\n\t\t<div class=\"rs-btn\">\r\n\t\t\t\t\t\t<a class=\"readon rs_button\" href=\"https:\/\/wa.me\/5511991461055?text=Quero%20informa%C3%A7%C3%B5es%20sobre%20Seguro\" >\t\t\t\t\r\n\t\t\t\t<span class=\"btn_text\">Fa\u00e7a seu Or\u00e7amento<\/span>\r\n\t\t\t\t\t\t\t<\/a>\r\n\t\t<\/div>    \r\n\t\t\t\t\t<\/div>\n\t\t\t\t<\/div>\n\t\t\t\t\t<\/div>\n\t\t<\/div>\n\t\t\t\t\t<\/div>\n\t\t<\/section>\n\t\t\t\t<\/div>\n\t\t","protected":false},"excerpt":{"rendered":"<p>SEGURO AUTOM\u00d3VEL SEGURO AUTOM\u00d3VEIS Oferecemos produtos desenvolvidos para atender as necessidades espec\u00edficas, com coberturas e servi\u00e7os diferenciados para cada tipo de p\u00fablico. \u25cf Autom\u00f3veis Nacionais e Importados\u25cf Autom\u00f3veis Especiais e Blindados\u25cf Frotas Familiares\u25cf Frotas Empresariais\u25cf Caminh\u00f5es\u25cf Reboques O Segurado conta ainda com Assist\u00eancia 24 horas, Carro Reserva, Servi\u00e7os de Despachantes, Reparo no Local, Reboque, al\u00e9m&#8230;<\/p>\n","protected":false},"author":1,"featured_media":43975,"parent":0,"menu_order":0,"comment_status":"closed","ping_status":"closed","template":"","meta":{"footnotes":""},"class_list":["post-43991","page","type-page","status-publish","has-post-thumbnail","hentry"],"_links":{"self":[{"href":"https:\/\/dompedroseguros.com.br\/index.php\/wp-json\/wp\/v2\/pages\/43991","targetHints":{"allow":["GET"]}}],"collection":[{"href":"https:\/\/dompedroseguros.com.br\/index.php\/wp-json\/wp\/v2\/pages"}],"about":[{"href":"https:\/\/dompedroseguros.com.br\/index.php\/wp-json\/wp\/v2\/types\/page"}],"author":[{"embeddable":true,"href":"https:\/\/dompedroseguros.com.br\/index.php\/wp-json\/wp\/v2\/users\/1"}],"replies":[{"embeddable":true,"href":"https:\/\/dompedroseguros.com.br\/index.php\/wp-json\/wp\/v2\/comments?post=43991"}],"version-history":[{"count":14,"href":"https:\/\/dompedroseguros.com.br\/index.php\/wp-json\/wp\/v2\/pages\/43991\/revisions"}],"predecessor-version":[{"id":44027,"href":"https:\/\/dompedroseguros.com.br\/index.php\/wp-json\/wp\/v2\/pages\/43991\/revisions\/44027"}],"wp:featuredmedia":[{"embeddable":true,"href":"https:\/\/dompedroseguros.com.br\/index.php\/wp-json\/wp\/v2\/media\/43975"}],"wp:attachment":[{"href":"https:\/\/dompedroseguros.com.br\/index.php\/wp-json\/wp\/v2\/media?parent=43991"}],"curies":[{"name":"wp","href":"https:\/\/api.w.org\/{rel}","templated":true}]}}