{"id":44048,"date":"2025-06-30T14:49:14","date_gmt":"2025-06-30T14:49:14","guid":{"rendered":"https:\/\/topwebsites.com.br\/dompedro\/?page_id=44048"},"modified":"2025-06-30T15:00:44","modified_gmt":"2025-06-30T15:00:44","slug":"condominio","status":"publish","type":"page","link":"https:\/\/dompedroseguros.com.br\/index.php\/condominio\/","title":{"rendered":"CONDOM\u00cdNIO"},"content":{"rendered":"\t\t<div data-elementor-type=\"wp-page\" data-elementor-id=\"44048\" class=\"elementor elementor-44048\">\n\t\t\t\t\t\t<section class=\"elementor-section elementor-top-section elementor-element elementor-element-3a6a7c2f elementor-section-full_width elementor-section-content-middle elementor-section-height-default elementor-section-height-default\" data-id=\"3a6a7c2f\" data-element_type=\"section\">\n\t\t\t\t\t\t<div class=\"elementor-container elementor-column-gap-wide\">\n\t\t\t\t\t<div class=\"elementor-column elementor-col-50 elementor-top-column elementor-element elementor-element-ac6127c animated-slow elementor-invisible\" data-id=\"ac6127c\" data-element_type=\"column\" data-settings=\"{&quot;animation&quot;:&quot;fadeInUp&quot;,&quot;animation_delay&quot;:500,&quot;background_background&quot;:&quot;classic&quot;}\">\n\t\t\t<div class=\"elementor-widget-wrap elementor-element-populated\">\n\t\t\t\t\t\t<section class=\"elementor-section elementor-inner-section elementor-element elementor-element-7d70a861 elementor-section-boxed elementor-section-height-default elementor-section-height-default\" data-id=\"7d70a861\" data-element_type=\"section\">\n\t\t\t\t\t\t<div class=\"elementor-container elementor-column-gap-default\">\n\t\t\t\t\t<div class=\"elementor-column elementor-col-33 elementor-inner-column elementor-element elementor-element-81600f6 elementor-hidden-tablet\" data-id=\"81600f6\" data-element_type=\"column\">\n\t\t\t<div class=\"elementor-widget-wrap\">\n\t\t\t\t\t\t\t<\/div>\n\t\t<\/div>\n\t\t\t\t<div class=\"elementor-column elementor-col-33 elementor-inner-column elementor-element elementor-element-53bf5e73 box-shadow\" data-id=\"53bf5e73\" data-element_type=\"column\" data-settings=\"{&quot;background_background&quot;:&quot;classic&quot;}\">\n\t\t\t<div class=\"elementor-widget-wrap elementor-element-populated\">\n\t\t\t\t\t\t<div class=\"elementor-element elementor-element-2b55eee7 elementor-widget elementor-widget-heading\" data-id=\"2b55eee7\" data-element_type=\"widget\" data-widget_type=\"heading.default\">\n\t\t\t\t<div class=\"elementor-widget-container\">\n\t\t\t\t\t<h3 class=\"elementor-heading-title elementor-size-default\">SEGURO<\/h3>\t\t\t\t<\/div>\n\t\t\t\t<\/div>\n\t\t\t\t<div class=\"elementor-element elementor-element-1a252173 elementor-widget elementor-widget-heading\" data-id=\"1a252173\" data-element_type=\"widget\" data-widget_type=\"heading.default\">\n\t\t\t\t<div class=\"elementor-widget-container\">\n\t\t\t\t\t<div class=\"elementor-heading-title elementor-size-default\">CONDOM\u00cdNIO<\/div>\t\t\t\t<\/div>\n\t\t\t\t<\/div>\n\t\t\t\t\t<\/div>\n\t\t<\/div>\n\t\t\t\t<div class=\"elementor-column elementor-col-33 elementor-inner-column elementor-element elementor-element-52caa94a elementor-hidden-tablet\" data-id=\"52caa94a\" data-element_type=\"column\" data-settings=\"{&quot;background_background&quot;:&quot;classic&quot;}\">\n\t\t\t<div class=\"elementor-widget-wrap\">\n\t\t\t\t\t\t\t<\/div>\n\t\t<\/div>\n\t\t\t\t\t<\/div>\n\t\t<\/section>\n\t\t\t\t\t<\/div>\n\t\t<\/div>\n\t\t\t\t<div class=\"elementor-column elementor-col-50 elementor-top-column elementor-element elementor-element-17ba1ce3\" data-id=\"17ba1ce3\" data-element_type=\"column\">\n\t\t\t<div class=\"elementor-widget-wrap elementor-element-populated\">\n\t\t\t\t\t\t<div class=\"elementor-element elementor-element-9b9b080 elementor-widget elementor-widget-rs-heading\" data-id=\"9b9b080\" data-element_type=\"widget\" data-widget_type=\"rs-heading.default\">\n\t\t\t\t<div class=\"elementor-widget-container\">\n\t\t\t\t\t        <div class=\"rs-heading default  \">\r\n        \t<div class=\"title-inner\">\r\n        \t\t      \t\t\r\n\t            <span class=\"sub-text \">SEGURO<\/span><h2 class=\"title\"><span class=\"watermark\"><\/span>CONDOM\u00cdNIO<\/h2>\t        <\/div>\r\n\t                    \t<div class=\"description\">\r\n            \t\t\u00c9 um seguro desenvolvido especialmente para Condom\u00ednios horizontais e verticais, residenciais, comerciais ou mistos. Completo, ele oferece diversos tipos de coberturas para proteger todas as depend\u00eancias do condom\u00ednio, seus funcion\u00e1rios,  garantindo assim total tranq\u00fcilidade aos cond\u00f4minos.            \t\t\r\n            \t<\/div>\r\n        \t        <\/div>\r\n\r\n        \t\t\t\t<\/div>\n\t\t\t\t<\/div>\n\t\t\t\t<div class=\"elementor-element elementor-element-5a2ac25 elementor-widget elementor-widget-heading\" data-id=\"5a2ac25\" data-element_type=\"widget\" data-widget_type=\"heading.default\">\n\t\t\t\t<div class=\"elementor-widget-container\">\n\t\t\t\t\t<h2 class=\"elementor-heading-title elementor-size-default\">Principais Coberturas<\/h2>\t\t\t\t<\/div>\n\t\t\t\t<\/div>\n\t\t\t\t<div class=\"elementor-element elementor-element-6c321c22 elementor-widget elementor-widget-rsfeatureslist\" data-id=\"6c321c22\" data-element_type=\"widget\" data-widget_type=\"rsfeatureslist.default\">\n\t\t\t\t<div class=\"elementor-widget-container\">\n\t\t\t\t\t \n\n        <div class=\"rs-features-list-content\">        \n\n                                    <ul class=\"rs-features-list\">\n                                                    <li class=\"elementor-repeater-item-6a52651\">\n                                                                    <i class=\"fa fa-check-circle-o\"><\/i>\n                                                                <span class=\"rs-feature-text\">Acidentes Pessoais Funcion\u00e1rios (Morte Acidental e Invalidez Por Acidente)<\/span>\n                            <\/li>\n                                                    <li class=\"elementor-repeater-item-7006b61\">\n                                                                    <i class=\"fa fa-check-circle-o\"><\/i>\n                                                                <span class=\"rs-feature-text\">Inc\u00eandio, raio, explos\u00e3o, fuma\u00e7a e queda de aeronaves<\/span>\n                            <\/li>\n                                                    <li class=\"elementor-repeater-item-d5b5c53\">\n                                                                    <i class=\"fa fa-check-circle-o\"><\/i>\n                                                                <span class=\"rs-feature-text\">Danos El\u00e9tricos<\/span>\n                            <\/li>\n                                                    <li class=\"elementor-repeater-item-aa10752\">\n                                                                    <i class=\"fa fa-check-circle-o\"><\/i>\n                                                                <span class=\"rs-feature-text\">Derrame de Sprinklers<\/span>\n                            <\/li>\n                                                    <li class=\"elementor-repeater-item-c970d43\">\n                                                                    <i class=\"fa fa-check-circle-o\"><\/i>\n                                                                <span class=\"rs-feature-text\">Desmoronamento<\/span>\n                            <\/li>\n                                                    <li class=\"elementor-repeater-item-e18f50d\">\n                                                                    <i class=\"fa fa-check-circle-o\"><\/i>\n                                                                <span class=\"rs-feature-text\">Despesas fixas<\/span>\n                            <\/li>\n                                                    <li class=\"elementor-repeater-item-dc3e2bb\">\n                                                                    <i class=\"fa fa-check-circle-o\"><\/i>\n                                                                <span class=\"rs-feature-text\">Impacto de ve\u00edculos terrestres<\/span>\n                            <\/li>\n                                                    <li class=\"elementor-repeater-item-13bdbe0\">\n                                                                    <i class=\"fa fa-check-circle-o\"><\/i>\n                                                                <span class=\"rs-feature-text\">Quebra de Vidros e \/ ou An\u00fancios Luminosos<\/span>\n                            <\/li>\n                                                    <li class=\"elementor-repeater-item-d611c41\">\n                                                                    <i class=\"fa fa-check-circle-o\"><\/i>\n                                                                <span class=\"rs-feature-text\">Responsabilidade Civil - Condom\u00ednio<\/span>\n                            <\/li>\n                                                    <li class=\"elementor-repeater-item-0e853b6\">\n                                                                    <i class=\"fa fa-check-circle-o\"><\/i>\n                                                                <span class=\"rs-feature-text\">Responsabilidade Civil - Danos Morais<\/span>\n                            <\/li>\n                                                    <li class=\"elementor-repeater-item-d46e4d0\">\n                                                                    <i class=\"fa fa-check-circle-o\"><\/i>\n                                                                <span class=\"rs-feature-text\">Responsabilidade Civil - Guarda de Ve\u00edculos de Terceiros - Compreensiva<\/span>\n                            <\/li>\n                                                    <li class=\"elementor-repeater-item-dd2869d\">\n                                                                    <i class=\"fa fa-check-circle-o\"><\/i>\n                                                                <span class=\"rs-feature-text\">Responsabilidade Civil - Guarda de Ve\u00edculos de Terceiros - Parcial<\/span>\n                            <\/li>\n                                                    <li class=\"elementor-repeater-item-e9ce60a\">\n                                                                    <i class=\"fa fa-check-circle-o\"><\/i>\n                                                                <span class=\"rs-feature-text\">Responsabilidade Civil - Port\u00f5es Autom\u00e1ticos<\/span>\n                            <\/li>\n                                                    <li class=\"elementor-repeater-item-863df37\">\n                                                                    <i class=\"fa fa-check-circle-o\"><\/i>\n                                                                <span class=\"rs-feature-text\">Responsabilidade Civil - S\u00edndico<\/span>\n                            <\/li>\n                                                    <li class=\"elementor-repeater-item-9afc094\">\n                                                                    <i class=\"fa fa-check-circle-o\"><\/i>\n                                                                <span class=\"rs-feature-text\">Roubo e \/ ou Furto Qualificado de Bens do Condom\u00ednio<\/span>\n                            <\/li>\n                                                    <li class=\"elementor-repeater-item-1caead9\">\n                                                                    <i class=\"fa fa-check-circle-o\"><\/i>\n                                                                <span class=\"rs-feature-text\">Roubo e \/ ou Furto Qualificado de Valores do Condom\u00ednio em M\u00e3os de Portadores<\/span>\n                            <\/li>\n                                                    <li class=\"elementor-repeater-item-e6e7d6d\">\n                                                                    <i class=\"fa fa-check-circle-o\"><\/i>\n                                                                <span class=\"rs-feature-text\">Roubo e \/ ou Furto Qualificado de Valores do Condom\u00ednio no Interior do Estabelecimento<\/span>\n                            <\/li>\n                                                    <li class=\"elementor-repeater-item-7e7122d\">\n                                                                    <i class=\"fa fa-check-circle-o\"><\/i>\n                                                                <span class=\"rs-feature-text\">Tumultos, Greves, Lock-Outs<\/span>\n                            <\/li>\n                                                    <li class=\"elementor-repeater-item-daf9ac9\">\n                                                                    <i class=\"fa fa-check-circle-o\"><\/i>\n                                                                <span class=\"rs-feature-text\">Vendaval, Ciclone, Furac\u00e3o Tornado e Granizo<\/span>\n                            <\/li>\n                                                    <li class=\"elementor-repeater-item-0ba0b19\">\n                                                                    <i class=\"fa fa-check-circle-o\"><\/i>\n                                                                <span class=\"rs-feature-text\">Vida em Grupo - Funcion\u00e1rios do Condom\u00ednio (Morte e IPA)<\/span>\n                            <\/li>\n                                                    <li class=\"elementor-repeater-item-3f25b0a\">\n                                                                    <i class=\"fa fa-check-circle-o\"><\/i>\n                                                                <span class=\"rs-feature-text\">Vida em Grupo - Funcion\u00e1rios do Condom\u00ednio (Morte, IPA e IPDF)<\/span>\n                            <\/li>\n                                                    <li class=\"elementor-repeater-item-a7c302d\">\n                                                                    <i class=\"fa fa-check-circle-o\"><\/i>\n                                                                <span class=\"rs-feature-text\">Inc\u00eandio, Raio, Explos\u00e3o, Fuma\u00e7a e Queda de Aeronaves para os Bens de Cond\u00f4minos<\/span>\n                            <\/li>\n                                                    <li class=\"elementor-repeater-item-163f9a9\">\n                                                                    <i class=\"fa fa-check-circle-o\"><\/i>\n                                                                <span class=\"rs-feature-text\">Perda e \/ ou Pagamento de Aluguel para Cond\u00f4minos<\/span>\n                            <\/li>\n                                                    <li class=\"elementor-repeater-item-598ebfd\">\n                                                                    <i class=\"fa fa-check-circle-o\"><\/i>\n                                                                <span class=\"rs-feature-text\">Responsabilidade Civil para Cond\u00f4minos<\/span>\n                            <\/li>\n                                                    <li class=\"elementor-repeater-item-74b2286\">\n                                                                    <i class=\"fa fa-check-circle-o\"><\/i>\n                                                                <span class=\"rs-feature-text\">Roubo e \/ ou Furto Qualificado para os Bens de Cond\u00f4minos<\/span>\n                            <\/li>\n                                            <\/ul>\n                            \n        <\/div>\n        \t\t\t\t<\/div>\n\t\t\t\t<\/div>\n\t\t\t\t<div class=\"elementor-element elementor-element-4c006c99 elementor-widget elementor-widget-rs-button\" data-id=\"4c006c99\" data-element_type=\"widget\" data-widget_type=\"rs-button.default\">\n\t\t\t\t<div class=\"elementor-widget-container\">\n\t\t\t\t\t\t\r\n\t\t\r\n\t\t<div class=\"rs-btn\">\r\n\t\t\t\t\t\t<a class=\"readon rs_button\" href=\"https:\/\/wa.me\/5511991461055?text=Quero%20informa%C3%A7%C3%B5es%20sobre%20Seguro\" >\t\t\t\t\r\n\t\t\t\t<span class=\"btn_text\">Fa\u00e7a seu Or\u00e7amento<\/span>\r\n\t\t\t\t\t\t\t<\/a>\r\n\t\t<\/div>    \r\n\t\t\t\t\t<\/div>\n\t\t\t\t<\/div>\n\t\t\t\t\t<\/div>\n\t\t<\/div>\n\t\t\t\t\t<\/div>\n\t\t<\/section>\n\t\t\t\t<\/div>\n\t\t","protected":false},"excerpt":{"rendered":"<p>SEGURO CONDOM\u00cdNIO SEGURO CONDOM\u00cdNIO \u00c9 um seguro desenvolvido especialmente para Condom\u00ednios horizontais e verticais, residenciais, comerciais ou mistos. Completo, ele oferece diversos tipos de coberturas para proteger todas as depend\u00eancias do condom\u00ednio, seus funcion\u00e1rios, garantindo assim total tranq\u00fcilidade aos cond\u00f4minos. Principais Coberturas Acidentes Pessoais Funcion\u00e1rios (Morte Acidental e Invalidez Por Acidente) Inc\u00eandio, raio, explos\u00e3o, fuma\u00e7a&#8230;<\/p>\n","protected":false},"author":1,"featured_media":43975,"parent":0,"menu_order":0,"comment_status":"closed","ping_status":"closed","template":"","meta":{"footnotes":""},"class_list":["post-44048","page","type-page","status-publish","has-post-thumbnail","hentry"],"_links":{"self":[{"href":"https:\/\/dompedroseguros.com.br\/index.php\/wp-json\/wp\/v2\/pages\/44048","targetHints":{"allow":["GET"]}}],"collection":[{"href":"https:\/\/dompedroseguros.com.br\/index.php\/wp-json\/wp\/v2\/pages"}],"about":[{"href":"https:\/\/dompedroseguros.com.br\/index.php\/wp-json\/wp\/v2\/types\/page"}],"author":[{"embeddable":true,"href":"https:\/\/dompedroseguros.com.br\/index.php\/wp-json\/wp\/v2\/users\/1"}],"replies":[{"embeddable":true,"href":"https:\/\/dompedroseguros.com.br\/index.php\/wp-json\/wp\/v2\/comments?post=44048"}],"version-history":[{"count":4,"href":"https:\/\/dompedroseguros.com.br\/index.php\/wp-json\/wp\/v2\/pages\/44048\/revisions"}],"predecessor-version":[{"id":44054,"href":"https:\/\/dompedroseguros.com.br\/index.php\/wp-json\/wp\/v2\/pages\/44048\/revisions\/44054"}],"wp:featuredmedia":[{"embeddable":true,"href":"https:\/\/dompedroseguros.com.br\/index.php\/wp-json\/wp\/v2\/media\/43975"}],"wp:attachment":[{"href":"https:\/\/dompedroseguros.com.br\/index.php\/wp-json\/wp\/v2\/media?parent=44048"}],"curies":[{"name":"wp","href":"https:\/\/api.w.org\/{rel}","templated":true}]}}