{"id":44082,"date":"2025-06-30T19:30:33","date_gmt":"2025-06-30T19:30:33","guid":{"rendered":"https:\/\/topwebsites.com.br\/dompedro\/?page_id=44082"},"modified":"2025-06-30T19:55:15","modified_gmt":"2025-06-30T19:55:15","slug":"notebooks","status":"publish","type":"page","link":"https:\/\/dompedroseguros.com.br\/index.php\/notebooks\/","title":{"rendered":"NOTEBOOKS"},"content":{"rendered":"\t\t<div data-elementor-type=\"wp-page\" data-elementor-id=\"44082\" class=\"elementor elementor-44082\">\n\t\t\t\t\t\t<section class=\"elementor-section elementor-top-section elementor-element elementor-element-3a6a7c2f elementor-section-full_width elementor-section-content-middle elementor-section-height-default elementor-section-height-default\" data-id=\"3a6a7c2f\" data-element_type=\"section\">\n\t\t\t\t\t\t<div class=\"elementor-container elementor-column-gap-wide\">\n\t\t\t\t\t<div class=\"elementor-column elementor-col-50 elementor-top-column elementor-element elementor-element-ac6127c animated-slow elementor-invisible\" data-id=\"ac6127c\" data-element_type=\"column\" data-settings=\"{&quot;animation&quot;:&quot;fadeInUp&quot;,&quot;animation_delay&quot;:500,&quot;background_background&quot;:&quot;classic&quot;}\">\n\t\t\t<div class=\"elementor-widget-wrap elementor-element-populated\">\n\t\t\t\t\t\t<section class=\"elementor-section elementor-inner-section elementor-element elementor-element-7d70a861 elementor-section-boxed elementor-section-height-default elementor-section-height-default\" data-id=\"7d70a861\" data-element_type=\"section\">\n\t\t\t\t\t\t<div class=\"elementor-container elementor-column-gap-default\">\n\t\t\t\t\t<div class=\"elementor-column elementor-col-33 elementor-inner-column elementor-element elementor-element-81600f6 elementor-hidden-tablet\" data-id=\"81600f6\" data-element_type=\"column\">\n\t\t\t<div class=\"elementor-widget-wrap\">\n\t\t\t\t\t\t\t<\/div>\n\t\t<\/div>\n\t\t\t\t<div class=\"elementor-column elementor-col-33 elementor-inner-column elementor-element elementor-element-53bf5e73 box-shadow\" data-id=\"53bf5e73\" data-element_type=\"column\" data-settings=\"{&quot;background_background&quot;:&quot;classic&quot;}\">\n\t\t\t<div class=\"elementor-widget-wrap elementor-element-populated\">\n\t\t\t\t\t\t<div class=\"elementor-element elementor-element-2b55eee7 elementor-widget elementor-widget-heading\" data-id=\"2b55eee7\" data-element_type=\"widget\" data-widget_type=\"heading.default\">\n\t\t\t\t<div class=\"elementor-widget-container\">\n\t\t\t\t\t<h3 class=\"elementor-heading-title elementor-size-default\">SEGURO<\/h3>\t\t\t\t<\/div>\n\t\t\t\t<\/div>\n\t\t\t\t<div class=\"elementor-element elementor-element-1a252173 elementor-widget elementor-widget-heading\" data-id=\"1a252173\" data-element_type=\"widget\" data-widget_type=\"heading.default\">\n\t\t\t\t<div class=\"elementor-widget-container\">\n\t\t\t\t\t<div class=\"elementor-heading-title elementor-size-default\">NOTEBOOKS<\/div>\t\t\t\t<\/div>\n\t\t\t\t<\/div>\n\t\t\t\t\t<\/div>\n\t\t<\/div>\n\t\t\t\t<div class=\"elementor-column elementor-col-33 elementor-inner-column elementor-element elementor-element-52caa94a elementor-hidden-tablet\" data-id=\"52caa94a\" data-element_type=\"column\" data-settings=\"{&quot;background_background&quot;:&quot;classic&quot;}\">\n\t\t\t<div class=\"elementor-widget-wrap\">\n\t\t\t\t\t\t\t<\/div>\n\t\t<\/div>\n\t\t\t\t\t<\/div>\n\t\t<\/section>\n\t\t\t\t\t<\/div>\n\t\t<\/div>\n\t\t\t\t<div class=\"elementor-column elementor-col-50 elementor-top-column elementor-element elementor-element-17ba1ce3\" data-id=\"17ba1ce3\" data-element_type=\"column\">\n\t\t\t<div class=\"elementor-widget-wrap elementor-element-populated\">\n\t\t\t\t\t\t<div class=\"elementor-element elementor-element-9b9b080 elementor-widget elementor-widget-rs-heading\" data-id=\"9b9b080\" data-element_type=\"widget\" data-widget_type=\"rs-heading.default\">\n\t\t\t\t<div class=\"elementor-widget-container\">\n\t\t\t\t\t        <div class=\"rs-heading default  \">\r\n        \t<div class=\"title-inner\">\r\n        \t\t      \t\t\r\n\t            <span class=\"sub-text \">SEGURO<\/span><h2 class=\"title\"><span class=\"watermark\"><\/span>NOTEBOOKS<\/h2>\t        <\/div>\r\n\t                    \t<div class=\"description\">\r\n            \t\tSeguro desenvolvido para pessoas que necessitam transportar Notebooks com frequ\u00eancia. Por este motivo, desenvolvemos Seguro que visa proteger a sua principal ferramenta de trabalho. \u00c9 a cobertura que voc\u00ea precisa, onde quer que voc\u00ea esteja. Este seguro visa proteger seu equipamento quando em uso em todo o territ\u00f3rio brasileiro.             \t\t\r\n            \t<\/div>\r\n        \t        <\/div>\r\n\r\n        \t\t\t\t<\/div>\n\t\t\t\t<\/div>\n\t\t\t\t<div class=\"elementor-element elementor-element-5a2ac25 elementor-widget elementor-widget-heading\" data-id=\"5a2ac25\" data-element_type=\"widget\" data-widget_type=\"heading.default\">\n\t\t\t\t<div class=\"elementor-widget-container\">\n\t\t\t\t\t<h2 class=\"elementor-heading-title elementor-size-default\">Principais Coberturas<\/h2>\t\t\t\t<\/div>\n\t\t\t\t<\/div>\n\t\t\t\t<div class=\"elementor-element elementor-element-6c321c22 elementor-widget elementor-widget-rsfeatureslist\" data-id=\"6c321c22\" data-element_type=\"widget\" data-widget_type=\"rsfeatureslist.default\">\n\t\t\t\t<div class=\"elementor-widget-container\">\n\t\t\t\t\t \n\n        <div class=\"rs-features-list-content\">        \n\n                                    <ul class=\"rs-features-list\">\n                                                    <li class=\"elementor-repeater-item-7006b61\">\n                                                                    <i class=\"fa fa-check-circle-o\"><\/i>\n                                                                <span class=\"rs-feature-text\">Aceita\u00e7\u00e3o de equipamentos com at\u00e9 02 anos de uso e com comprova\u00e7\u00e3o de nota fiscal Roubo e furto qualificado<\/span>\n                            <\/li>\n                                                    <li class=\"elementor-repeater-item-6a52651\">\n                                                                    <i class=\"fa fa-check-circle-o\"><\/i>\n                                                                <span class=\"rs-feature-text\">Danos el\u00e9tricos quando contratada cobertura acess\u00f3ria<\/span>\n                            <\/li>\n                                                    <li class=\"elementor-repeater-item-d5b5c53\">\n                                                                    <i class=\"fa fa-check-circle-o\"><\/i>\n                                                                <span class=\"rs-feature-text\">Inc\u00eandio, raio explos\u00e3o<\/span>\n                            <\/li>\n                                                    <li class=\"elementor-repeater-item-aa10752\">\n                                                                    <i class=\"fa fa-check-circle-o\"><\/i>\n                                                                <span class=\"rs-feature-text\">Roubo e furto qualificado <\/span>\n                            <\/li>\n                                            <\/ul>\n                            \n        <\/div>\n        \t\t\t\t<\/div>\n\t\t\t\t<\/div>\n\t\t\t\t<div class=\"elementor-element elementor-element-554a2f0 elementor-widget elementor-widget-heading\" data-id=\"554a2f0\" data-element_type=\"widget\" data-widget_type=\"heading.default\">\n\t\t\t\t<div class=\"elementor-widget-container\">\n\t\t\t\t\t<h2 class=\"elementor-heading-title elementor-size-default\">RISCOS  EXCLU\u00cdDOS<\/h2>\t\t\t\t<\/div>\n\t\t\t\t<\/div>\n\t\t\t\t<div class=\"elementor-element elementor-element-4ba4f7f elementor-widget elementor-widget-rsfeatureslist\" data-id=\"4ba4f7f\" data-element_type=\"widget\" data-widget_type=\"rsfeatureslist.default\">\n\t\t\t\t<div class=\"elementor-widget-container\">\n\t\t\t\t\t \n\n        <div class=\"rs-features-list-content\">        \n\n                                    <ul class=\"rs-features-list\">\n                                                    <li class=\"elementor-repeater-item-7006b61\">\n                                                                    <i class=\"fa fa-check-circle-o\"><\/i>\n                                                                <span class=\"rs-feature-text\">Apropria\u00e7\u00e3o ind\u00e9bita, extors\u00e3o, estelionato praticado contra o patrim\u00f4nio do segurado por seus funcion\u00e1rios, prepostos quer agindo por conta pr\u00f3pria ou mancomunados por terceiros<\/span>\n                            <\/li>\n                                                    <li class=\"elementor-repeater-item-6a52651\">\n                                                                    <i class=\"fa fa-check-circle-o\"><\/i>\n                                                                <span class=\"rs-feature-text\">Furto simples, sem emprego de viol\u00eancia, sem vest\u00edgios, desaparecimento<\/span>\n                            <\/li>\n                                                    <li class=\"elementor-repeater-item-d5b5c53\">\n                                                                    <i class=\"fa fa-check-circle-o\"><\/i>\n                                                                <span class=\"rs-feature-text\">Quebra, queda, amassamento e arranhadura<\/span>\n                            <\/li>\n                                            <\/ul>\n                            \n        <\/div>\n        \t\t\t\t<\/div>\n\t\t\t\t<\/div>\n\t\t\t\t<div class=\"elementor-element elementor-element-4c006c99 elementor-widget elementor-widget-rs-button\" data-id=\"4c006c99\" data-element_type=\"widget\" data-widget_type=\"rs-button.default\">\n\t\t\t\t<div class=\"elementor-widget-container\">\n\t\t\t\t\t\t\r\n\t\t\r\n\t\t<div class=\"rs-btn\">\r\n\t\t\t\t\t\t<a class=\"readon rs_button\" href=\"https:\/\/wa.me\/5511991461055?text=Quero%20informa%C3%A7%C3%B5es%20sobre%20Seguro\" >\t\t\t\t\r\n\t\t\t\t<span class=\"btn_text\">Fa\u00e7a seu Or\u00e7amento<\/span>\r\n\t\t\t\t\t\t\t<\/a>\r\n\t\t<\/div>    \r\n\t\t\t\t\t<\/div>\n\t\t\t\t<\/div>\n\t\t\t\t\t<\/div>\n\t\t<\/div>\n\t\t\t\t\t<\/div>\n\t\t<\/section>\n\t\t\t\t<\/div>\n\t\t","protected":false},"excerpt":{"rendered":"<p>SEGURO NOTEBOOKS SEGURO NOTEBOOKS Seguro desenvolvido para pessoas que necessitam transportar Notebooks com frequ\u00eancia. Por este motivo, desenvolvemos Seguro que visa proteger a sua principal ferramenta de trabalho. \u00c9 a cobertura que voc\u00ea precisa, onde quer que voc\u00ea esteja. Este seguro visa proteger seu equipamento quando em uso em todo o territ\u00f3rio brasileiro. Principais Coberturas&#8230;<\/p>\n","protected":false},"author":1,"featured_media":43975,"parent":0,"menu_order":0,"comment_status":"closed","ping_status":"closed","template":"","meta":{"footnotes":""},"class_list":["post-44082","page","type-page","status-publish","has-post-thumbnail","hentry"],"_links":{"self":[{"href":"https:\/\/dompedroseguros.com.br\/index.php\/wp-json\/wp\/v2\/pages\/44082","targetHints":{"allow":["GET"]}}],"collection":[{"href":"https:\/\/dompedroseguros.com.br\/index.php\/wp-json\/wp\/v2\/pages"}],"about":[{"href":"https:\/\/dompedroseguros.com.br\/index.php\/wp-json\/wp\/v2\/types\/page"}],"author":[{"embeddable":true,"href":"https:\/\/dompedroseguros.com.br\/index.php\/wp-json\/wp\/v2\/users\/1"}],"replies":[{"embeddable":true,"href":"https:\/\/dompedroseguros.com.br\/index.php\/wp-json\/wp\/v2\/comments?post=44082"}],"version-history":[{"count":4,"href":"https:\/\/dompedroseguros.com.br\/index.php\/wp-json\/wp\/v2\/pages\/44082\/revisions"}],"predecessor-version":[{"id":44088,"href":"https:\/\/dompedroseguros.com.br\/index.php\/wp-json\/wp\/v2\/pages\/44082\/revisions\/44088"}],"wp:featuredmedia":[{"embeddable":true,"href":"https:\/\/dompedroseguros.com.br\/index.php\/wp-json\/wp\/v2\/media\/43975"}],"wp:attachment":[{"href":"https:\/\/dompedroseguros.com.br\/index.php\/wp-json\/wp\/v2\/media?parent=44082"}],"curies":[{"name":"wp","href":"https:\/\/api.w.org\/{rel}","templated":true}]}}