{"id":44109,"date":"2025-06-30T21:21:48","date_gmt":"2025-06-30T21:21:48","guid":{"rendered":"https:\/\/topwebsites.com.br\/dompedro\/?page_id=44109"},"modified":"2025-07-01T14:42:31","modified_gmt":"2025-07-01T14:42:31","slug":"do","status":"publish","type":"page","link":"https:\/\/dompedroseguros.com.br\/index.php\/do\/","title":{"rendered":"D&amp;O"},"content":{"rendered":"\t\t<div data-elementor-type=\"wp-page\" data-elementor-id=\"44109\" class=\"elementor elementor-44109\">\n\t\t\t\t\t\t<section class=\"elementor-section elementor-top-section elementor-element elementor-element-3a6a7c2f elementor-section-full_width elementor-section-content-middle elementor-section-height-default elementor-section-height-default\" data-id=\"3a6a7c2f\" data-element_type=\"section\">\n\t\t\t\t\t\t<div class=\"elementor-container elementor-column-gap-wide\">\n\t\t\t\t\t<div class=\"elementor-column elementor-col-50 elementor-top-column elementor-element elementor-element-ac6127c animated-slow elementor-invisible\" data-id=\"ac6127c\" data-element_type=\"column\" data-settings=\"{&quot;animation&quot;:&quot;fadeInUp&quot;,&quot;animation_delay&quot;:500,&quot;background_background&quot;:&quot;classic&quot;}\">\n\t\t\t<div class=\"elementor-widget-wrap elementor-element-populated\">\n\t\t\t\t\t\t<section class=\"elementor-section elementor-inner-section elementor-element elementor-element-7d70a861 elementor-section-boxed elementor-section-height-default elementor-section-height-default\" data-id=\"7d70a861\" data-element_type=\"section\">\n\t\t\t\t\t\t<div class=\"elementor-container elementor-column-gap-default\">\n\t\t\t\t\t<div class=\"elementor-column elementor-col-33 elementor-inner-column elementor-element elementor-element-81600f6 elementor-hidden-tablet\" data-id=\"81600f6\" data-element_type=\"column\">\n\t\t\t<div class=\"elementor-widget-wrap\">\n\t\t\t\t\t\t\t<\/div>\n\t\t<\/div>\n\t\t\t\t<div class=\"elementor-column elementor-col-33 elementor-inner-column elementor-element elementor-element-53bf5e73 box-shadow\" data-id=\"53bf5e73\" data-element_type=\"column\" data-settings=\"{&quot;background_background&quot;:&quot;classic&quot;}\">\n\t\t\t<div class=\"elementor-widget-wrap elementor-element-populated\">\n\t\t\t\t\t\t<div class=\"elementor-element elementor-element-2b55eee7 elementor-widget elementor-widget-heading\" data-id=\"2b55eee7\" data-element_type=\"widget\" data-widget_type=\"heading.default\">\n\t\t\t\t<div class=\"elementor-widget-container\">\n\t\t\t\t\t<h3 class=\"elementor-heading-title elementor-size-default\">SEGURO<\/h3>\t\t\t\t<\/div>\n\t\t\t\t<\/div>\n\t\t\t\t<div class=\"elementor-element elementor-element-1a252173 elementor-widget elementor-widget-heading\" data-id=\"1a252173\" data-element_type=\"widget\" data-widget_type=\"heading.default\">\n\t\t\t\t<div class=\"elementor-widget-container\">\n\t\t\t\t\t<div class=\"elementor-heading-title elementor-size-default\">D&amp;O<\/div>\t\t\t\t<\/div>\n\t\t\t\t<\/div>\n\t\t\t\t\t<\/div>\n\t\t<\/div>\n\t\t\t\t<div class=\"elementor-column elementor-col-33 elementor-inner-column elementor-element elementor-element-52caa94a elementor-hidden-tablet\" data-id=\"52caa94a\" data-element_type=\"column\" data-settings=\"{&quot;background_background&quot;:&quot;classic&quot;}\">\n\t\t\t<div class=\"elementor-widget-wrap\">\n\t\t\t\t\t\t\t<\/div>\n\t\t<\/div>\n\t\t\t\t\t<\/div>\n\t\t<\/section>\n\t\t\t\t\t<\/div>\n\t\t<\/div>\n\t\t\t\t<div class=\"elementor-column elementor-col-50 elementor-top-column elementor-element elementor-element-17ba1ce3\" data-id=\"17ba1ce3\" data-element_type=\"column\">\n\t\t\t<div class=\"elementor-widget-wrap elementor-element-populated\">\n\t\t\t\t\t\t<div class=\"elementor-element elementor-element-9b9b080 elementor-widget elementor-widget-rs-heading\" data-id=\"9b9b080\" data-element_type=\"widget\" data-widget_type=\"rs-heading.default\">\n\t\t\t\t<div class=\"elementor-widget-container\">\n\t\t\t\t\t        <div class=\"rs-heading default  \">\r\n        \t<div class=\"title-inner\">\r\n        \t\t      \t\t\r\n\t            <span class=\"sub-text \">SEGURO<\/span><h2 class=\"title\"><span class=\"watermark\"><\/span>D&amp;O<\/h2>\t        <\/div>\r\n\t                    \t<div class=\"description\">\r\n            \t\tSeguro para Executivos e Dirigentes que possuem poder para administrar uma empresa.<br><br>\nNos dias atuais, com a altera\u00e7\u00e3o do C\u00f3digo Civil, as responsabilidades em caso de fal\u00eancia e\/ou concordata, s\u00e3o assumidas pelos executivos, e n\u00e3o mais pelas empresas.<br><br>\nPor este motivo, tomar uma decis\u00e3o envolve riscos, poss\u00edveis perdas para a empresa e, conseq\u00fcentemente, preju\u00edzos a terceiros. Tais preju\u00edzos podem comprometer o patrim\u00f4nio pessoal do executivo, bem como dos demais dirigentes que possuem poder de decis\u00e3o na administra\u00e7\u00e3o da empresa. <br><br>\nO D&amp;O foi criado para proteger os executivos com solu\u00e7\u00f5es e servi\u00e7os em caso de reclama\u00e7\u00f5es de terceiros relacionadas \u00e0s suas responsabilidades na sua gest\u00e3o. \n            \t\t\r\n            \t<\/div>\r\n        \t        <\/div>\r\n\r\n        \t\t\t\t<\/div>\n\t\t\t\t<\/div>\n\t\t\t\t<div class=\"elementor-element elementor-element-5a2ac25 elementor-widget elementor-widget-heading\" data-id=\"5a2ac25\" data-element_type=\"widget\" data-widget_type=\"heading.default\">\n\t\t\t\t<div class=\"elementor-widget-container\">\n\t\t\t\t\t<h2 class=\"elementor-heading-title elementor-size-default\">Principais Coberturas<\/h2>\t\t\t\t<\/div>\n\t\t\t\t<\/div>\n\t\t\t\t<div class=\"elementor-element elementor-element-b9f9227 elementor-widget elementor-widget-text-editor\" data-id=\"b9f9227\" data-element_type=\"widget\" data-widget_type=\"text-editor.default\">\n\t\t\t\t<div class=\"elementor-widget-container\">\n\t\t\t\t\t\t\t\t\tInicialmente, os custos de defesa e, depois do julgamento, o acordo extrajudicial consentido pela companhia de seguros e\/ou a indeniza\u00e7\u00e3o sentenciada pelo juiz. Este seguro tamb\u00e9m adianta despesas para os segurados em caso de penhora &#8220;on-line&#8221; ou bloqueio de recursos. Veja em que situa\u00e7\u00f5es ele se enquadra:\n<br><br>\n&#8211; Aspecto Tribut\u00e1rio &#8211; suspeita de sonega\u00e7\u00e3o fiscal.<br><br>\n&#8211; Reclama\u00e7\u00e3o Trabalhista\n&#8211; Reclama\u00e7\u00f5es de empregados por t\u00e9rmino indevido de trabalho, discrimina\u00e7\u00e3o, ass\u00e9dio moral ou sexual.<br><br>\n&#8211; Fornecedores &#8211; Reclama\u00e7\u00f5es de fornecedores por alegada pr\u00e1tica ilegal do administrador, t\u00e9rmino indevido de contrato, entre outras reclama\u00e7\u00f5es.<br><br>\n&#8211; Acionistas &#8211; Poss\u00edveis preju\u00edzos de acionistas, atribuindo-se a responsabilidade ao s\u00f3cio majorit\u00e1rio.\t\t\t\t\t\t\t\t<\/div>\n\t\t\t\t<\/div>\n\t\t\t\t<div class=\"elementor-element elementor-element-6e35e91 elementor-widget elementor-widget-heading\" data-id=\"6e35e91\" data-element_type=\"widget\" data-widget_type=\"heading.default\">\n\t\t\t\t<div class=\"elementor-widget-container\">\n\t\t\t\t\t<h2 class=\"elementor-heading-title elementor-size-default\">PROTE\u00c7\u00c3O PARA TODOS OS ENVOLVIDOS DIRETAMENTE COM A ADMINISTR\u00c7\u00c3O DA EMPRESA <\/h2>\t\t\t\t<\/div>\n\t\t\t\t<\/div>\n\t\t\t\t<div class=\"elementor-element elementor-element-8f53d08 elementor-widget elementor-widget-text-editor\" data-id=\"8f53d08\" data-element_type=\"widget\" data-widget_type=\"text-editor.default\">\n\t\t\t\t<div class=\"elementor-widget-container\">\n\t\t\t\t\t\t\t\t\t<p>&#8211; Administradores<br \/>&#8211; Diretores estatut\u00e1rios e n\u00e3o estatut\u00e1rios<br \/>&#8211; Membros do conselho de administra\u00e7\u00e3o, fiscal e jur\u00eddico<br \/>&#8211; Procuradores com poderes de gest\u00e3o<\/p>\t\t\t\t\t\t\t\t<\/div>\n\t\t\t\t<\/div>\n\t\t\t\t<div class=\"elementor-element elementor-element-4c006c99 elementor-widget elementor-widget-rs-button\" data-id=\"4c006c99\" data-element_type=\"widget\" data-widget_type=\"rs-button.default\">\n\t\t\t\t<div class=\"elementor-widget-container\">\n\t\t\t\t\t\t\r\n\t\t\r\n\t\t<div class=\"rs-btn\">\r\n\t\t\t\t\t\t<a class=\"readon rs_button\" href=\"https:\/\/wa.me\/5511991461055?text=Quero%20informa%C3%A7%C3%B5es%20sobre%20Seguro\" >\t\t\t\t\r\n\t\t\t\t<span class=\"btn_text\">Fa\u00e7a seu Or\u00e7amento<\/span>\r\n\t\t\t\t\t\t\t<\/a>\r\n\t\t<\/div>    \r\n\t\t\t\t\t<\/div>\n\t\t\t\t<\/div>\n\t\t\t\t\t<\/div>\n\t\t<\/div>\n\t\t\t\t\t<\/div>\n\t\t<\/section>\n\t\t\t\t<\/div>\n\t\t","protected":false},"excerpt":{"rendered":"<p>SEGURO D&amp;O SEGURO D&amp;O Seguro para Executivos e Dirigentes que possuem poder para administrar uma empresa. Nos dias atuais, com a altera\u00e7\u00e3o do C\u00f3digo Civil, as responsabilidades em caso de fal\u00eancia e\/ou concordata, s\u00e3o assumidas pelos executivos, e n\u00e3o mais pelas empresas. Por este motivo, tomar uma decis\u00e3o envolve riscos, poss\u00edveis perdas para a empresa&#8230;<\/p>\n","protected":false},"author":1,"featured_media":43975,"parent":0,"menu_order":0,"comment_status":"closed","ping_status":"closed","template":"","meta":{"footnotes":""},"class_list":["post-44109","page","type-page","status-publish","has-post-thumbnail","hentry"],"_links":{"self":[{"href":"https:\/\/dompedroseguros.com.br\/index.php\/wp-json\/wp\/v2\/pages\/44109","targetHints":{"allow":["GET"]}}],"collection":[{"href":"https:\/\/dompedroseguros.com.br\/index.php\/wp-json\/wp\/v2\/pages"}],"about":[{"href":"https:\/\/dompedroseguros.com.br\/index.php\/wp-json\/wp\/v2\/types\/page"}],"author":[{"embeddable":true,"href":"https:\/\/dompedroseguros.com.br\/index.php\/wp-json\/wp\/v2\/users\/1"}],"replies":[{"embeddable":true,"href":"https:\/\/dompedroseguros.com.br\/index.php\/wp-json\/wp\/v2\/comments?post=44109"}],"version-history":[{"count":7,"href":"https:\/\/dompedroseguros.com.br\/index.php\/wp-json\/wp\/v2\/pages\/44109\/revisions"}],"predecessor-version":[{"id":44119,"href":"https:\/\/dompedroseguros.com.br\/index.php\/wp-json\/wp\/v2\/pages\/44109\/revisions\/44119"}],"wp:featuredmedia":[{"embeddable":true,"href":"https:\/\/dompedroseguros.com.br\/index.php\/wp-json\/wp\/v2\/media\/43975"}],"wp:attachment":[{"href":"https:\/\/dompedroseguros.com.br\/index.php\/wp-json\/wp\/v2\/media?parent=44109"}],"curies":[{"name":"wp","href":"https:\/\/api.w.org\/{rel}","templated":true}]}}