{"id":44129,"date":"2025-07-01T15:03:33","date_gmt":"2025-07-01T15:03:33","guid":{"rendered":"https:\/\/topwebsites.com.br\/dompedro\/?page_id=44129"},"modified":"2025-07-01T15:36:19","modified_gmt":"2025-07-01T15:36:19","slug":"riscos-de-engenharia","status":"publish","type":"page","link":"https:\/\/dompedroseguros.com.br\/index.php\/riscos-de-engenharia\/","title":{"rendered":"RISCOS\u00a0 DE\u00a0 ENGENHARIA"},"content":{"rendered":"\t\t<div data-elementor-type=\"wp-page\" data-elementor-id=\"44129\" class=\"elementor elementor-44129\">\n\t\t\t\t\t\t<section class=\"elementor-section elementor-top-section elementor-element elementor-element-3a6a7c2f elementor-section-full_width elementor-section-content-middle elementor-section-height-default elementor-section-height-default\" data-id=\"3a6a7c2f\" data-element_type=\"section\">\n\t\t\t\t\t\t<div class=\"elementor-container elementor-column-gap-wide\">\n\t\t\t\t\t<div class=\"elementor-column elementor-col-50 elementor-top-column elementor-element elementor-element-ac6127c animated-slow elementor-invisible\" data-id=\"ac6127c\" data-element_type=\"column\" data-settings=\"{&quot;animation&quot;:&quot;fadeInUp&quot;,&quot;animation_delay&quot;:500,&quot;background_background&quot;:&quot;classic&quot;}\">\n\t\t\t<div class=\"elementor-widget-wrap elementor-element-populated\">\n\t\t\t\t\t\t<section class=\"elementor-section elementor-inner-section elementor-element elementor-element-7d70a861 elementor-section-boxed elementor-section-height-default elementor-section-height-default\" data-id=\"7d70a861\" data-element_type=\"section\">\n\t\t\t\t\t\t<div class=\"elementor-container elementor-column-gap-default\">\n\t\t\t\t\t<div class=\"elementor-column elementor-col-33 elementor-inner-column elementor-element elementor-element-81600f6 elementor-hidden-tablet\" data-id=\"81600f6\" data-element_type=\"column\">\n\t\t\t<div class=\"elementor-widget-wrap\">\n\t\t\t\t\t\t\t<\/div>\n\t\t<\/div>\n\t\t\t\t<div class=\"elementor-column elementor-col-33 elementor-inner-column elementor-element elementor-element-53bf5e73 box-shadow\" data-id=\"53bf5e73\" data-element_type=\"column\" data-settings=\"{&quot;background_background&quot;:&quot;classic&quot;}\">\n\t\t\t<div class=\"elementor-widget-wrap elementor-element-populated\">\n\t\t\t\t\t\t<div class=\"elementor-element elementor-element-2b55eee7 elementor-widget elementor-widget-heading\" data-id=\"2b55eee7\" data-element_type=\"widget\" data-widget_type=\"heading.default\">\n\t\t\t\t<div class=\"elementor-widget-container\">\n\t\t\t\t\t<h3 class=\"elementor-heading-title elementor-size-default\">SEGURO<\/h3>\t\t\t\t<\/div>\n\t\t\t\t<\/div>\n\t\t\t\t<div class=\"elementor-element elementor-element-1a252173 elementor-widget elementor-widget-heading\" data-id=\"1a252173\" data-element_type=\"widget\" data-widget_type=\"heading.default\">\n\t\t\t\t<div class=\"elementor-widget-container\">\n\t\t\t\t\t<div class=\"elementor-heading-title elementor-size-default\">RISCOS DE ENGENHARIA<\/div>\t\t\t\t<\/div>\n\t\t\t\t<\/div>\n\t\t\t\t\t<\/div>\n\t\t<\/div>\n\t\t\t\t<div class=\"elementor-column elementor-col-33 elementor-inner-column elementor-element elementor-element-52caa94a elementor-hidden-tablet\" data-id=\"52caa94a\" data-element_type=\"column\" data-settings=\"{&quot;background_background&quot;:&quot;classic&quot;}\">\n\t\t\t<div class=\"elementor-widget-wrap\">\n\t\t\t\t\t\t\t<\/div>\n\t\t<\/div>\n\t\t\t\t\t<\/div>\n\t\t<\/section>\n\t\t\t\t\t<\/div>\n\t\t<\/div>\n\t\t\t\t<div class=\"elementor-column elementor-col-50 elementor-top-column elementor-element elementor-element-17ba1ce3\" data-id=\"17ba1ce3\" data-element_type=\"column\">\n\t\t\t<div class=\"elementor-widget-wrap elementor-element-populated\">\n\t\t\t\t\t\t<div class=\"elementor-element elementor-element-9b9b080 elementor-widget elementor-widget-rs-heading\" data-id=\"9b9b080\" data-element_type=\"widget\" data-widget_type=\"rs-heading.default\">\n\t\t\t\t<div class=\"elementor-widget-container\">\n\t\t\t\t\t        <div class=\"rs-heading default  \">\r\n        \t<div class=\"title-inner\">\r\n        \t\t      \t\t\r\n\t            <span class=\"sub-text \">SEGURO<\/span><h2 class=\"title\"><span class=\"watermark\"><\/span>RISCOS DE ENGENHARIA<\/h2>\t        <\/div>\r\n\t                    \t<div class=\"description\">\r\n            \t\tO Seguro de Riscos de Engenharia, foi desenvolvido para quem tem a preocupa\u00e7\u00e3o de garantir a seguran\u00e7a em cada detalhe da constru\u00e7\u00e3o: qualidade do material adquirido, m\u00e3o-de-obra especializada, projeto bem calculado. Este seguro tem indica\u00e7\u00e3o para:            \t\t\r\n            \t<\/div>\r\n        \t        <\/div>\r\n\r\n        \t\t\t\t<\/div>\n\t\t\t\t<\/div>\n\t\t\t\t<div class=\"elementor-element elementor-element-6c321c22 elementor-widget elementor-widget-rsfeatureslist\" data-id=\"6c321c22\" data-element_type=\"widget\" data-widget_type=\"rsfeatureslist.default\">\n\t\t\t\t<div class=\"elementor-widget-container\">\n\t\t\t\t\t \n\n        <div class=\"rs-features-list-content\">        \n\n                                    <ul class=\"rs-features-list\">\n                                                    <li class=\"elementor-repeater-item-7006b61\">\n                                                                    <i class=\"fa fa-check-circle-o\"><\/i>\n                                                                <span class=\"rs-feature-text\">Casas<\/span>\n                            <\/li>\n                                                    <li class=\"elementor-repeater-item-6a52651\">\n                                                                    <i class=\"fa fa-check-circle-o\"><\/i>\n                                                                <span class=\"rs-feature-text\">Edif\u00edcios residenciais<\/span>\n                            <\/li>\n                                                    <li class=\"elementor-repeater-item-d5b5c53\">\n                                                                    <i class=\"fa fa-check-circle-o\"><\/i>\n                                                                <span class=\"rs-feature-text\">Edif\u00edcios comerciais e industriais<\/span>\n                            <\/li>\n                                                    <li class=\"elementor-repeater-item-aa10752\">\n                                                                    <i class=\"fa fa-check-circle-o\"><\/i>\n                                                                <span class=\"rs-feature-text\">Hospitais<\/span>\n                            <\/li>\n                                                    <li class=\"elementor-repeater-item-c970d43\">\n                                                                    <i class=\"fa fa-check-circle-o\"><\/i>\n                                                                <span class=\"rs-feature-text\">Teatros<\/span>\n                            <\/li>\n                                                    <li class=\"elementor-repeater-item-e18f50d\">\n                                                                    <i class=\"fa fa-check-circle-o\"><\/i>\n                                                                <span class=\"rs-feature-text\">Igrejas<\/span>\n                            <\/li>\n                                                    <li class=\"elementor-repeater-item-dc3e2bb\">\n                                                                    <i class=\"fa fa-check-circle-o\"><\/i>\n                                                                <span class=\"rs-feature-text\">Escolas<\/span>\n                            <\/li>\n                                                    <li class=\"elementor-repeater-item-13bdbe0\">\n                                                                    <i class=\"fa fa-check-circle-o\"><\/i>\n                                                                <span class=\"rs-feature-text\">Hot\u00e9is<\/span>\n                            <\/li>\n                                                    <li class=\"elementor-repeater-item-d611c41\">\n                                                                    <i class=\"fa fa-check-circle-o\"><\/i>\n                                                                <span class=\"rs-feature-text\">Galp\u00f5es<\/span>\n                            <\/li>\n                                                    <li class=\"elementor-repeater-item-0e853b6\">\n                                                                    <i class=\"fa fa-check-circle-o\"><\/i>\n                                                                <span class=\"rs-feature-text\">Demais tipos de constru\u00e7\u00f5es<\/span>\n                            <\/li>\n                                            <\/ul>\n                            \n        <\/div>\n        \t\t\t\t<\/div>\n\t\t\t\t<\/div>\n\t\t\t\t<div class=\"elementor-element elementor-element-5a2ac25 elementor-widget elementor-widget-heading\" data-id=\"5a2ac25\" data-element_type=\"widget\" data-widget_type=\"heading.default\">\n\t\t\t\t<div class=\"elementor-widget-container\">\n\t\t\t\t\t<h2 class=\"elementor-heading-title elementor-size-default\">Principais Coberturas<\/h2>\t\t\t\t<\/div>\n\t\t\t\t<\/div>\n\t\t\t\t<div class=\"elementor-element elementor-element-ff4f243 elementor-widget elementor-widget-text-editor\" data-id=\"ff4f243\" data-element_type=\"widget\" data-widget_type=\"text-editor.default\">\n\t\t\t\t<div class=\"elementor-widget-container\">\n\t\t\t\t\t\t\t\t\t<p>&#8211; Inc\u00eandio, danos da natureza, impacto de ve\u00edculos e queda de aeronaves.<br \/>&#8211; Despesas de desentulho para remo\u00e7\u00e3o de escombros do canteiro de obras, incluindo transporte e descarregamento.<br \/>&#8211; Danos indiretos causados por erros de projeto ou execu\u00e7\u00e3o, al\u00e9m de defeitos de material ou de fabrica\u00e7\u00e3o que comprometam a obra.<br \/>&#8211; Sabotagens, roubo, furto qualificado e tumultos com pr\u00e1tica de atos predat\u00f3rios.<br \/>&#8211; Perdas e danos de equipamentos de escrit\u00f3rio e inform\u00e1tica.<br \/>&#8211; Perdas e danos materiais de equipamentos de pequeno e m\u00e9dio porte, como furadoras, lixadeiras e serras el\u00e9tricas.<\/p>\t\t\t\t\t\t\t\t<\/div>\n\t\t\t\t<\/div>\n\t\t\t\t<div class=\"elementor-element elementor-element-524b708 elementor-widget elementor-widget-heading\" data-id=\"524b708\" data-element_type=\"widget\" data-widget_type=\"heading.default\">\n\t\t\t\t<div class=\"elementor-widget-container\">\n\t\t\t\t\t<h2 class=\"elementor-heading-title elementor-size-default\">COBERTURAS  ADICIONAIS ATRELADAS \u00c1 COBERTURA B\u00c1SICA <\/h2>\t\t\t\t<\/div>\n\t\t\t\t<\/div>\n\t\t\t\t<div class=\"elementor-element elementor-element-b0a7c47 elementor-widget elementor-widget-text-editor\" data-id=\"b0a7c47\" data-element_type=\"widget\" data-widget_type=\"text-editor.default\">\n\t\t\t\t<div class=\"elementor-widget-container\">\n\t\t\t\t\t\t\t\t\t<p>&#8211; Despesas de salvamento para evitar a propaga\u00e7\u00e3o dos preju\u00edzos, salvando e protegendo os bens.<br \/>&#8211; Despesas de conten\u00e7\u00e3o de incidentes que visam evitar um sinistro iminente que esteja coberto pela ap\u00f3lice.<br \/>&#8211; Despesas extraordin\u00e1rias, resultantes de frete expresso ou afretamento para transportes nacionais (exclu\u00eddo afretamento para aeronaves).<br \/>&#8211; Cobertura especial para inc\u00eandio ap\u00f3s entrega da obra pelo per\u00edodo de 1 (um) m\u00eas.<\/p>\t\t\t\t\t\t\t\t<\/div>\n\t\t\t\t<\/div>\n\t\t\t\t<div class=\"elementor-element elementor-element-edab330 elementor-widget elementor-widget-heading\" data-id=\"edab330\" data-element_type=\"widget\" data-widget_type=\"heading.default\">\n\t\t\t\t<div class=\"elementor-widget-container\">\n\t\t\t\t\t<h2 class=\"elementor-heading-title elementor-size-default\">COBERTURAS  OPCIONAIS <\/h2>\t\t\t\t<\/div>\n\t\t\t\t<\/div>\n\t\t\t\t<div class=\"elementor-element elementor-element-d6349e1 elementor-widget elementor-widget-text-editor\" data-id=\"d6349e1\" data-element_type=\"widget\" data-widget_type=\"text-editor.default\">\n\t\t\t\t<div class=\"elementor-widget-container\">\n\t\t\t\t\t\t\t\t\t&#8211; RCG: reembolsa quantias relativas a reclama\u00e7\u00f5es por danos corporais e materiais causados involuntariamente a terceiro.<br>\n&#8211; Responsabilidade Civil Cruzada: equipara todos os empreiteiros, sub-empreiteiros, diretores, funcion\u00e1rios e assessores atuantes na obra, como segurados e terceiros entre si.<br>\n&#8211; Cobertura para Mobili\u00e1rio e Eletrodom\u00e9sticos: exclusiva para a constru\u00e7\u00e3o de flats e hot\u00e9is.<br>\n&#8211; Cobertura para Manuten\u00e7\u00e3o: garante perdas e danos materiais causados pelos empreiteiros segurados aos bens cobertos, durante as opera\u00e7\u00f5es realizadas para cumprir as obriga\u00e7\u00f5es contratuais de manuten\u00e7\u00e3o.<br>\n&#8211; Propriedades Circunvizinhas: cobre os preju\u00edzos que o segurado venha a sofrer por perdas e danos materiais a outros bens de sua propriedade ou a bens de terceiros, sob sua guarda, existentes no canteiro de obras.<br>\n&#8211; Extens\u00e3o de Cobertura: aplicada \u00e0s coberturas de Responsabilidade Civil e Propriedades Circunvizinhas em caso de preju\u00edzos decorrentes da execu\u00e7\u00e3o das funda\u00e7\u00f5es de obras.<br>\n&#8211; Responsabilidade Civil do Empregador: garante danos corporais sofridos por seus empregados ou prepostos no canteiro de obras.<br>\n&#8211; Danos Morais diretamente decorrentes de danos materiais e\/ou corporais causados a terceiros.<br>\n&#8211; Equipamentos de Escrit\u00f3rio e Inform\u00e1tica: m\u00e1quinas de escrever, calculadoras de mesa, aparelhos de telefone, fax, microcomputadores e impressoras.<br>\n&#8211; Equipamentos M\u00f3veis como empilhadeiras, tratores e retroescavadeiras. \n\t\t\t\t\t\t\t\t<\/div>\n\t\t\t\t<\/div>\n\t\t\t\t<div class=\"elementor-element elementor-element-4c006c99 elementor-widget elementor-widget-rs-button\" data-id=\"4c006c99\" data-element_type=\"widget\" data-widget_type=\"rs-button.default\">\n\t\t\t\t<div class=\"elementor-widget-container\">\n\t\t\t\t\t\t\r\n\t\t\r\n\t\t<div class=\"rs-btn\">\r\n\t\t\t\t\t\t<a class=\"readon rs_button\" href=\"https:\/\/wa.me\/5511991461055?text=Quero%20informa%C3%A7%C3%B5es%20sobre%20Seguro\" >\t\t\t\t\r\n\t\t\t\t<span class=\"btn_text\">Fa\u00e7a seu Or\u00e7amento<\/span>\r\n\t\t\t\t\t\t\t<\/a>\r\n\t\t<\/div>    \r\n\t\t\t\t\t<\/div>\n\t\t\t\t<\/div>\n\t\t\t\t\t<\/div>\n\t\t<\/div>\n\t\t\t\t\t<\/div>\n\t\t<\/section>\n\t\t\t\t<\/div>\n\t\t","protected":false},"excerpt":{"rendered":"<p>SEGURO RISCOS DE ENGENHARIA SEGURO RISCOS DE ENGENHARIA O Seguro de Riscos de Engenharia, foi desenvolvido para quem tem a preocupa\u00e7\u00e3o de garantir a seguran\u00e7a em cada detalhe da constru\u00e7\u00e3o: qualidade do material adquirido, m\u00e3o-de-obra especializada, projeto bem calculado. Este seguro tem indica\u00e7\u00e3o para: Casas Edif\u00edcios residenciais Edif\u00edcios comerciais e industriais Hospitais Teatros Igrejas Escolas&#8230;<\/p>\n","protected":false},"author":1,"featured_media":43975,"parent":0,"menu_order":0,"comment_status":"closed","ping_status":"closed","template":"","meta":{"footnotes":""},"class_list":["post-44129","page","type-page","status-publish","has-post-thumbnail","hentry"],"_links":{"self":[{"href":"https:\/\/dompedroseguros.com.br\/index.php\/wp-json\/wp\/v2\/pages\/44129","targetHints":{"allow":["GET"]}}],"collection":[{"href":"https:\/\/dompedroseguros.com.br\/index.php\/wp-json\/wp\/v2\/pages"}],"about":[{"href":"https:\/\/dompedroseguros.com.br\/index.php\/wp-json\/wp\/v2\/types\/page"}],"author":[{"embeddable":true,"href":"https:\/\/dompedroseguros.com.br\/index.php\/wp-json\/wp\/v2\/users\/1"}],"replies":[{"embeddable":true,"href":"https:\/\/dompedroseguros.com.br\/index.php\/wp-json\/wp\/v2\/comments?post=44129"}],"version-history":[{"count":4,"href":"https:\/\/dompedroseguros.com.br\/index.php\/wp-json\/wp\/v2\/pages\/44129\/revisions"}],"predecessor-version":[{"id":44137,"href":"https:\/\/dompedroseguros.com.br\/index.php\/wp-json\/wp\/v2\/pages\/44129\/revisions\/44137"}],"wp:featuredmedia":[{"embeddable":true,"href":"https:\/\/dompedroseguros.com.br\/index.php\/wp-json\/wp\/v2\/media\/43975"}],"wp:attachment":[{"href":"https:\/\/dompedroseguros.com.br\/index.php\/wp-json\/wp\/v2\/media?parent=44129"}],"curies":[{"name":"wp","href":"https:\/\/api.w.org\/{rel}","templated":true}]}}