{"id":44139,"date":"2025-07-01T16:04:36","date_gmt":"2025-07-01T16:04:36","guid":{"rendered":"https:\/\/topwebsites.com.br\/dompedro\/?page_id=44139"},"modified":"2025-07-01T16:09:52","modified_gmt":"2025-07-01T16:09:52","slug":"odontologico","status":"publish","type":"page","link":"https:\/\/dompedroseguros.com.br\/index.php\/odontologico\/","title":{"rendered":"ODONTOL\u00d3GICO"},"content":{"rendered":"\t\t<div data-elementor-type=\"wp-page\" data-elementor-id=\"44139\" class=\"elementor elementor-44139\">\n\t\t\t\t\t\t<section class=\"elementor-section elementor-top-section elementor-element elementor-element-3a6a7c2f elementor-section-full_width elementor-section-content-middle elementor-section-height-default elementor-section-height-default\" data-id=\"3a6a7c2f\" data-element_type=\"section\">\n\t\t\t\t\t\t<div class=\"elementor-container elementor-column-gap-wide\">\n\t\t\t\t\t<div class=\"elementor-column elementor-col-50 elementor-top-column elementor-element elementor-element-ac6127c animated-slow elementor-invisible\" data-id=\"ac6127c\" data-element_type=\"column\" data-settings=\"{&quot;animation&quot;:&quot;fadeInUp&quot;,&quot;animation_delay&quot;:500,&quot;background_background&quot;:&quot;classic&quot;}\">\n\t\t\t<div class=\"elementor-widget-wrap elementor-element-populated\">\n\t\t\t\t\t\t<section class=\"elementor-section elementor-inner-section elementor-element elementor-element-7d70a861 elementor-section-boxed elementor-section-height-default elementor-section-height-default\" data-id=\"7d70a861\" data-element_type=\"section\">\n\t\t\t\t\t\t<div class=\"elementor-container elementor-column-gap-default\">\n\t\t\t\t\t<div class=\"elementor-column elementor-col-33 elementor-inner-column elementor-element elementor-element-81600f6 elementor-hidden-tablet\" data-id=\"81600f6\" data-element_type=\"column\">\n\t\t\t<div class=\"elementor-widget-wrap\">\n\t\t\t\t\t\t\t<\/div>\n\t\t<\/div>\n\t\t\t\t<div class=\"elementor-column elementor-col-33 elementor-inner-column elementor-element elementor-element-53bf5e73 box-shadow\" data-id=\"53bf5e73\" data-element_type=\"column\" data-settings=\"{&quot;background_background&quot;:&quot;classic&quot;}\">\n\t\t\t<div class=\"elementor-widget-wrap elementor-element-populated\">\n\t\t\t\t\t\t<div class=\"elementor-element elementor-element-2b55eee7 elementor-widget elementor-widget-heading\" data-id=\"2b55eee7\" data-element_type=\"widget\" data-widget_type=\"heading.default\">\n\t\t\t\t<div class=\"elementor-widget-container\">\n\t\t\t\t\t<h3 class=\"elementor-heading-title elementor-size-default\">SEGURO<\/h3>\t\t\t\t<\/div>\n\t\t\t\t<\/div>\n\t\t\t\t<div class=\"elementor-element elementor-element-1a252173 elementor-widget elementor-widget-heading\" data-id=\"1a252173\" data-element_type=\"widget\" data-widget_type=\"heading.default\">\n\t\t\t\t<div class=\"elementor-widget-container\">\n\t\t\t\t\t<div class=\"elementor-heading-title elementor-size-default\">ODONTOL\u00d3GICO<\/div>\t\t\t\t<\/div>\n\t\t\t\t<\/div>\n\t\t\t\t\t<\/div>\n\t\t<\/div>\n\t\t\t\t<div class=\"elementor-column elementor-col-33 elementor-inner-column elementor-element elementor-element-52caa94a elementor-hidden-tablet\" data-id=\"52caa94a\" data-element_type=\"column\" data-settings=\"{&quot;background_background&quot;:&quot;classic&quot;}\">\n\t\t\t<div class=\"elementor-widget-wrap\">\n\t\t\t\t\t\t\t<\/div>\n\t\t<\/div>\n\t\t\t\t\t<\/div>\n\t\t<\/section>\n\t\t\t\t\t<\/div>\n\t\t<\/div>\n\t\t\t\t<div class=\"elementor-column elementor-col-50 elementor-top-column elementor-element elementor-element-17ba1ce3\" data-id=\"17ba1ce3\" data-element_type=\"column\">\n\t\t\t<div class=\"elementor-widget-wrap elementor-element-populated\">\n\t\t\t\t\t\t<div class=\"elementor-element elementor-element-9b9b080 elementor-widget elementor-widget-rs-heading\" data-id=\"9b9b080\" data-element_type=\"widget\" data-widget_type=\"rs-heading.default\">\n\t\t\t\t<div class=\"elementor-widget-container\">\n\t\t\t\t\t        <div class=\"rs-heading default  \">\r\n        \t<div class=\"title-inner\">\r\n        \t\t      \t\t\r\n\t            <span class=\"sub-text \">SEGURO<\/span><h2 class=\"title\"><span class=\"watermark\"><\/span>ODONTOL\u00d3GICO<\/h2>\t        <\/div>\r\n\t                    \t<div class=\"description\">\r\n            \t\tImprevistos acontecem. Por este motivo, sabemos que todo e qualquer tratamento odontol\u00f3gico costuma ser muito caro e, muitas vezes, comprometer o or\u00e7amento mensal das fam\u00edlias. Com isso, a assist\u00eancia odontol\u00f3gica tornou-se um dos benef\u00edcios oferecidos como diferencial no mercado de trabalho, conferindo qualidade e tranq\u00fcilidade \u00e0 empresa e seus funcion\u00e1rios.<br><br>\nA DOM PEDRO, em parceria com grandes empresas, consegue oferecer a assist\u00eancia mais adequada para a sua empresa, garantindo coberturas de acordo com as caracter\u00edsticas e necessidades de cada cliente e ainda, uma rede de profissionais altamente qualificados com um atendimento diferenciado.<br><br>\nAgende uma visita de nossos profissionais atrav\u00e9s do fale conosco.            \t\t\r\n            \t<\/div>\r\n        \t        <\/div>\r\n\r\n        \t\t\t\t<\/div>\n\t\t\t\t<\/div>\n\t\t\t\t<div class=\"elementor-element elementor-element-4c006c99 elementor-widget elementor-widget-rs-button\" data-id=\"4c006c99\" data-element_type=\"widget\" data-widget_type=\"rs-button.default\">\n\t\t\t\t<div class=\"elementor-widget-container\">\n\t\t\t\t\t\t\r\n\t\t\r\n\t\t<div class=\"rs-btn\">\r\n\t\t\t\t\t\t<a class=\"readon rs_button\" href=\"https:\/\/wa.me\/5511991461055?text=Quero%20informa%C3%A7%C3%B5es%20sobre%20Seguro\" >\t\t\t\t\r\n\t\t\t\t<span class=\"btn_text\">Fale Conosco<\/span>\r\n\t\t\t\t\t\t\t<\/a>\r\n\t\t<\/div>    \r\n\t\t\t\t\t<\/div>\n\t\t\t\t<\/div>\n\t\t\t\t\t<\/div>\n\t\t<\/div>\n\t\t\t\t\t<\/div>\n\t\t<\/section>\n\t\t\t\t<\/div>\n\t\t","protected":false},"excerpt":{"rendered":"<p>SEGURO ODONTOL\u00d3GICO SEGURO ODONTOL\u00d3GICO Imprevistos acontecem. Por este motivo, sabemos que todo e qualquer tratamento odontol\u00f3gico costuma ser muito caro e, muitas vezes, comprometer o or\u00e7amento mensal das fam\u00edlias. Com isso, a assist\u00eancia odontol\u00f3gica tornou-se um dos benef\u00edcios oferecidos como diferencial no mercado de trabalho, conferindo qualidade e tranq\u00fcilidade \u00e0 empresa e seus funcion\u00e1rios. A&#8230;<\/p>\n","protected":false},"author":1,"featured_media":43975,"parent":0,"menu_order":0,"comment_status":"closed","ping_status":"closed","template":"","meta":{"footnotes":""},"class_list":["post-44139","page","type-page","status-publish","has-post-thumbnail","hentry"],"_links":{"self":[{"href":"https:\/\/dompedroseguros.com.br\/index.php\/wp-json\/wp\/v2\/pages\/44139","targetHints":{"allow":["GET"]}}],"collection":[{"href":"https:\/\/dompedroseguros.com.br\/index.php\/wp-json\/wp\/v2\/pages"}],"about":[{"href":"https:\/\/dompedroseguros.com.br\/index.php\/wp-json\/wp\/v2\/types\/page"}],"author":[{"embeddable":true,"href":"https:\/\/dompedroseguros.com.br\/index.php\/wp-json\/wp\/v2\/users\/1"}],"replies":[{"embeddable":true,"href":"https:\/\/dompedroseguros.com.br\/index.php\/wp-json\/wp\/v2\/comments?post=44139"}],"version-history":[{"count":4,"href":"https:\/\/dompedroseguros.com.br\/index.php\/wp-json\/wp\/v2\/pages\/44139\/revisions"}],"predecessor-version":[{"id":44145,"href":"https:\/\/dompedroseguros.com.br\/index.php\/wp-json\/wp\/v2\/pages\/44139\/revisions\/44145"}],"wp:featuredmedia":[{"embeddable":true,"href":"https:\/\/dompedroseguros.com.br\/index.php\/wp-json\/wp\/v2\/media\/43975"}],"wp:attachment":[{"href":"https:\/\/dompedroseguros.com.br\/index.php\/wp-json\/wp\/v2\/media?parent=44139"}],"curies":[{"name":"wp","href":"https:\/\/api.w.org\/{rel}","templated":true}]}}